{"id":7391,"date":"2024-04-07T19:20:21","date_gmt":"2024-04-07T19:20:21","guid":{"rendered":"https:\/\/admeproimport.com\/?post_type=product&#038;p=7391"},"modified":"2025-09-21T16:48:39","modified_gmt":"2025-09-21T16:48:39","slug":"epson-epiqvision-tecnologia-3lcd-de-lampara-incandecente","status":"publish","type":"product","link":"https:\/\/admeproimport.com\/index.php\/product\/epson-epiqvision-tecnologia-3lcd-de-lampara-incandecente\/","title":{"rendered":"Epson Epiqvision. Tecnolog\u00eda 3LCD de l\u00e1mpara incandecente"},"content":{"rendered":"\n<div class=\"wp-block-group has-global-padding is-layout-constrained wp-block-group-is-layout-constrained\">\n<div class=\"wp-block-group has-global-padding is-layout-constrained wp-block-group-is-layout-constrained\">\n<div class=\"wp-block-columns is-layout-flex wp-container-core-columns-is-layout-28f84493 wp-block-columns-is-layout-flex\">\n<div class=\"wp-block-column is-layout-flow wp-block-column-is-layout-flow\" style=\"flex-basis:100%\">\n<div class=\"wp-block-columns is-layout-flex wp-container-core-columns-is-layout-28f84493 wp-block-columns-is-layout-flex\">\n<div class=\"wp-block-column is-layout-flow wp-block-column-is-layout-flow\">\n<figure class=\"wp-block-image size-full\"><img fetchpriority=\"high\" decoding=\"async\" width=\"859\" height=\"407\" src=\"https:\/\/admeproimport.com\/wp-content\/uploads\/2024\/04\/epiqv15554.jpg\" alt=\"\" class=\"wp-image-7395\" srcset=\"https:\/\/admeproimport.com\/wp-content\/uploads\/2024\/04\/epiqv15554.jpg 859w, https:\/\/admeproimport.com\/wp-content\/uploads\/2024\/04\/epiqv15554-300x142.jpg 300w, https:\/\/admeproimport.com\/wp-content\/uploads\/2024\/04\/epiqv15554-768x364.jpg 768w, https:\/\/admeproimport.com\/wp-content\/uploads\/2024\/04\/epiqv15554-441x209.jpg 441w, https:\/\/admeproimport.com\/wp-content\/uploads\/2024\/04\/epiqv15554-800x379.jpg 800w, https:\/\/admeproimport.com\/wp-content\/uploads\/2024\/04\/epiqv15554-150x71.jpg 150w\" sizes=\"(max-width: 859px) 100vw, 859px\" \/><\/figure>\n<\/div>\n\n\n\n<div class=\"wp-block-column is-layout-flow wp-block-column-is-layout-flow\">\n<p class=\"has-text-align-left\">El mejor brillo de color de su clase (2): la avanzada tecnolog\u00eda 3LCD de 3 chips muestra el 100% de la se\u00f1al de color RGB para cada marco, lo que permite una precisi\u00f3n de color excepcional mientras mantiene un excelente brillo de color sin ning\u00fan problema de distracci\u00f3n de &#8220;arco iris&#8221; o &#8220;brillo de color&#8221; visto con otras tecnolog\u00edas de proyecci\u00f3n<\/p>\n<\/div>\n<\/div>\n\n\n\n<figure class=\"wp-block-image size-large\"><img decoding=\"async\" width=\"1024\" height=\"420\" src=\"https:\/\/admeproimport.com\/wp-content\/uploads\/2024\/04\/epiq11-1024x420.jpg\" alt=\"\" class=\"wp-image-7392\" srcset=\"https:\/\/admeproimport.com\/wp-content\/uploads\/2024\/04\/epiq11-1024x420.jpg 1024w, https:\/\/admeproimport.com\/wp-content\/uploads\/2024\/04\/epiq11-300x123.jpg 300w, https:\/\/admeproimport.com\/wp-content\/uploads\/2024\/04\/epiq11-768x315.jpg 768w, https:\/\/admeproimport.com\/wp-content\/uploads\/2024\/04\/epiq11-990x406.jpg 990w, https:\/\/admeproimport.com\/wp-content\/uploads\/2024\/04\/epiq11-441x181.jpg 441w, https:\/\/admeproimport.com\/wp-content\/uploads\/2024\/04\/epiq11-800x328.jpg 800w, https:\/\/admeproimport.com\/wp-content\/uploads\/2024\/04\/epiq11-150x61.jpg 150w, https:\/\/admeproimport.com\/wp-content\/uploads\/2024\/04\/epiq11.jpg 1464w\" sizes=\"(max-width: 1024px) 100vw, 1024px\" \/><\/figure>\n<\/div>\n<\/div>\n<\/div>\n\n\n\n<figure class=\"wp-block-image size-large\"><img decoding=\"async\" width=\"1024\" height=\"420\" src=\"https:\/\/admeproimport.com\/wp-content\/uploads\/2024\/04\/epiq12-1024x420.jpg\" alt=\"\" class=\"wp-image-7394\" srcset=\"https:\/\/admeproimport.com\/wp-content\/uploads\/2024\/04\/epiq12-1024x420.jpg 1024w, https:\/\/admeproimport.com\/wp-content\/uploads\/2024\/04\/epiq12-300x123.jpg 300w, https:\/\/admeproimport.com\/wp-content\/uploads\/2024\/04\/epiq12-768x315.jpg 768w, https:\/\/admeproimport.com\/wp-content\/uploads\/2024\/04\/epiq12-990x406.jpg 990w, https:\/\/admeproimport.com\/wp-content\/uploads\/2024\/04\/epiq12-441x181.jpg 441w, https:\/\/admeproimport.com\/wp-content\/uploads\/2024\/04\/epiq12-800x328.jpg 800w, https:\/\/admeproimport.com\/wp-content\/uploads\/2024\/04\/epiq12-150x61.jpg 150w, https:\/\/admeproimport.com\/wp-content\/uploads\/2024\/04\/epiq12.jpg 1464w\" sizes=\"(max-width: 1024px) 100vw, 1024px\" \/><\/figure>\n<\/div>\n","protected":false},"excerpt":{"rendered":"<p>3000 l\u00famenes en blanco y en color. Mejor contraste que sus predecesores .<\/p>\n","protected":false},"featured_media":7393,"comment_status":"open","ping_status":"closed","template":"","meta":{"om_disable_all_campaigns":false,"_monsterinsights_skip_tracking":false,"_monsterinsights_sitenote_active":false,"_monsterinsights_sitenote_note":"","_monsterinsights_sitenote_category":0,"_joinchat":[]},"product_brand":[],"product_cat":[50,49],"product_tag":[55,56,54],"class_list":{"0":"post-7391","1":"product","2":"type-product","3":"status-publish","4":"has-post-thumbnail","6":"product_cat-oferta","7":"product_cat-proyectores","8":"product_tag-hogar","9":"product_tag-oficina","10":"product_tag-proyector","12":"first","13":"instock","14":"sale","15":"taxable","16":"shipping-taxable","17":"purchasable","18":"product-type-simple"},"aioseo_notices":[],"_links":{"self":[{"href":"https:\/\/admeproimport.com\/index.php\/wp-json\/wp\/v2\/product\/7391","targetHints":{"allow":["GET"]}}],"collection":[{"href":"https:\/\/admeproimport.com\/index.php\/wp-json\/wp\/v2\/product"}],"about":[{"href":"https:\/\/admeproimport.com\/index.php\/wp-json\/wp\/v2\/types\/product"}],"replies":[{"embeddable":true,"href":"https:\/\/admeproimport.com\/index.php\/wp-json\/wp\/v2\/comments?post=7391"}],"wp:featuredmedia":[{"embeddable":true,"href":"https:\/\/admeproimport.com\/index.php\/wp-json\/wp\/v2\/media\/7393"}],"wp:attachment":[{"href":"https:\/\/admeproimport.com\/index.php\/wp-json\/wp\/v2\/media?parent=7391"}],"wp:term":[{"taxonomy":"product_brand","embeddable":true,"href":"https:\/\/admeproimport.com\/index.php\/wp-json\/wp\/v2\/product_brand?post=7391"},{"taxonomy":"product_cat","embeddable":true,"href":"https:\/\/admeproimport.com\/index.php\/wp-json\/wp\/v2\/product_cat?post=7391"},{"taxonomy":"product_tag","embeddable":true,"href":"https:\/\/admeproimport.com\/index.php\/wp-json\/wp\/v2\/product_tag?post=7391"}],"curies":[{"name":"wp","href":"https:\/\/api.w.org\/{rel}","templated":true}]}}