{"id":694,"date":"2018-05-16T19:38:38","date_gmt":"2018-05-16T19:38:38","guid":{"rendered":"https:\/\/themedemo.commercegurus.com\/shoptimizer\/?post_type=product&#038;p=694"},"modified":"2026-04-23T21:20:41","modified_gmt":"2026-04-23T21:20:41","slug":"ipad-11","status":"publish","type":"product","link":"https:\/\/admeproimport.com\/index.php\/product\/ipad-11\/","title":{"rendered":"iPad 11va generaci\u00f3n A16 128GB"},"content":{"rendered":"\n<div class=\"wp-block-columns is-layout-flex wp-container-core-columns-is-layout-28f84493 wp-block-columns-is-layout-flex\">\n<div class=\"wp-block-column is-layout-flow wp-block-column-is-layout-flow\">\n<figure class=\"wp-block-image size-full\"><img fetchpriority=\"high\" decoding=\"async\" width=\"1326\" height=\"1500\" src=\"https:\/\/admeproimport.com\/wp-content\/uploads\/2018\/05\/IPAD-11VAFG.jpg\" alt=\"\" class=\"wp-image-7423\" srcset=\"https:\/\/admeproimport.com\/wp-content\/uploads\/2018\/05\/IPAD-11VAFG.jpg 1326w, https:\/\/admeproimport.com\/wp-content\/uploads\/2018\/05\/IPAD-11VAFG-265x300.jpg 265w, https:\/\/admeproimport.com\/wp-content\/uploads\/2018\/05\/IPAD-11VAFG-905x1024.jpg 905w, https:\/\/admeproimport.com\/wp-content\/uploads\/2018\/05\/IPAD-11VAFG-768x869.jpg 768w, https:\/\/admeproimport.com\/wp-content\/uploads\/2018\/05\/IPAD-11VAFG-990x1120.jpg 990w, https:\/\/admeproimport.com\/wp-content\/uploads\/2018\/05\/IPAD-11VAFG-441x499.jpg 441w, https:\/\/admeproimport.com\/wp-content\/uploads\/2018\/05\/IPAD-11VAFG-300x339.jpg 300w, https:\/\/admeproimport.com\/wp-content\/uploads\/2018\/05\/IPAD-11VAFG-800x905.jpg 800w, https:\/\/admeproimport.com\/wp-content\/uploads\/2018\/05\/IPAD-11VAFG-150x170.jpg 150w\" sizes=\"(max-width: 1326px) 100vw, 1326px\" \/><\/figure>\n<\/div>\n\n\n\n<div class=\"wp-block-column is-layout-flow wp-block-column-is-layout-flow\">\n<h1 class=\"wp-block-heading\">Sobre este art\u00edculo<\/h1>\n\n\n\n<ul class=\"wp-block-list\">\n<li>\ud83d\ude80&nbsp;<strong>CHIP A16 BIONIC ULTRARR\u00c1PIDO:<\/strong>&nbsp;\u00a1Experimenta un rendimiento de nivel superior! Ideal para juegos exigentes, multitarea fluida, edici\u00f3n de video y todas tus apps favoritas<\/li>\n\n\n\n<li>\ud83d\udcfa&nbsp;<strong>IMPRESIONANTE PANTALLA LIQUID RETINA DE 11 PULGADAS:<\/strong>&nbsp;Sum\u00e9rgete en colores vibrantes y detalles n\u00edtidos. Perfecta para ver pel\u00edculas, navegar, leer y dar vida a tus ideas.<\/li>\n\n\n\n<li>\ud83d\udcbe\u00a0<strong>MAYOR ALMACENAMIENTO : 128GB <\/strong>\u00a0\u00a1M\u00e1s<\/li>\n\n\n\n<li> espacio que nunca para tus apps, fotos, videos, documentos y descargas! Olv\u00eddate de quedarte sin memoria.<\/li>\n\n\n\n<li>\u2728&nbsp;<strong>DISE\u00d1O MODERNO TODO PANTALLA:<\/strong>&nbsp;Elegante, ligero y con marcos delgados que maximizan tu visualizaci\u00f3n. Un placer para la vista y el tacto.<\/li>\n\n\n\n<li>\ud83d\udd0c&nbsp;<strong>PUERTO USB-C VERS\u00c1TIL:<\/strong>&nbsp;Para carga r\u00e1pida, transferencia de datos veloz y conexi\u00f3n sencilla de una amplia gama de accesorios como discos duros, c\u00e1maras y monitores.<\/li>\n\n\n\n<li>\ud83d\udcf8&nbsp;<strong>C\u00c1MARAS DE ALTA CALIDAD:<\/strong>\n<ul class=\"wp-block-list\">\n<li><strong>C\u00e1mara frontal ultra gran angular de 12 MP en horizontal<\/strong>&nbsp;con Encuadre Centrado (Center Stage), perfecta para videollamadas m\u00e1s naturales y din\u00e1micas.<\/li>\n\n\n\n<li><strong>C\u00e1mara trasera de 12 MP<\/strong>&nbsp;para capturar fotos n\u00edtidas y videos en 4K llenos de detalle.<\/li>\n<\/ul>\n<\/li>\n\n\n\n<li>\ud83d\udcf6&nbsp;<strong>CONECTIVIDAD WI-FI 6 R\u00c1PIDA:<\/strong>&nbsp;Navega, descarga y haz streaming a toda velocidad. (Menciona si es el modelo Wi-Fi + Cellular tambi\u00e9n).<\/li>\n\n\n\n<li>\ud83d\udd0b&nbsp;<strong>BATER\u00cdA PARA TODO EL D\u00cdA:<\/strong>&nbsp;Disfruta de horas de productividad, creatividad y entretenimiento sin preocuparte por el cargador.<\/li>\n\n\n\n<li>\u270d\ufe0f&nbsp;<strong>COMPATIBLE CON APPLE PENCIL Y TECLADOS:<\/strong>\n<ul class=\"wp-block-list\">\n<li>Con\u00e9ctale un&nbsp;<strong>Magic Keyboard Folio<\/strong>&nbsp;o teclados Bluetooth para una experiencia de escritura c\u00f3moda y productiva.<\/li>\n\n\n\n<li><em>(Accesorios se venden por separado)<\/em><\/li>\n<\/ul>\n<\/li>\n\n\n\n<li>\ud83c\udf4e&nbsp;<strong>IPADOS POTENTE E INTUITIVO:<\/strong>&nbsp;Disfruta de funciones avanzadas de multitarea, widgets personalizables y acceso a millones de apps en la App Store dise\u00f1adas espec\u00edficamente para iPad.<\/li>\n<\/ul>\n<\/div>\n<\/div>\n","protected":false},"excerpt":{"rendered":"<p><!-- wp:list-item --><\/p>\n<ul>\n<li>Pantalla Retina brillante de 11 pulgadas con tecnolog\u00eda True Tone<\/li>\n<\/ul>\n<p><!-- \/wp:list-item --><\/p>\n<p><!-- wp:list-item --><\/p>\n<ul>\n<li>Chip bi\u00f3nico A16 con motor neural.<\/li>\n<\/ul>\n<p><!-- \/wp:list-item --><\/p>\n<p><!-- wp:list-item --><\/p>\n<ul>\n<li>C\u00e1mara trasera de 12 MP, c\u00e1mara frontal ultra ancha de 12 MP con escenario central.<\/li>\n<\/ul>\n<p><!-- \/wp:list-item --><\/p>\n<p><!-- wp:list-item --><\/p>\n<ul>\n<li> 128 GB de almacenamiento<\/li>\n<\/ul>\n<p><!-- \/wp:list-item --><\/p>\n<p><!-- wp:list-item --><\/p>\n<ul>\n<li>Altavoces est\u00e9reo<\/li>\n<\/ul>\n<p><!-- \/wp:list-item --><\/p>\n<p><!-- wp:list-item --><\/p>\n<ul>\n<li>ID t\u00e1ctil para autenticaci\u00f3n segura y Apple Pay<\/li>\n<\/ul>\n<p><!-- \/wp:list-item --><\/p>\n<p><!-- wp:list-item --><\/p>\n<ul>\n<li>Wi-Fi 6 Ultra r\u00e1pida<\/li>\n<\/ul>\n<p><!-- \/wp:list-item --><\/p>\n","protected":false},"featured_media":7423,"comment_status":"open","ping_status":"closed","template":"","meta":{"om_disable_all_campaigns":false,"_monsterinsights_skip_tracking":false,"_monsterinsights_sitenote_active":false,"_monsterinsights_sitenote_note":"","_monsterinsights_sitenote_category":0,"_joinchat":[]},"product_brand":[],"product_cat":[40,50],"product_tag":[34,36],"class_list":{"0":"post-694","1":"product","2":"type-product","3":"status-publish","4":"has-post-thumbnail","6":"product_cat-ipads","7":"product_cat-oferta","8":"product_tag-recargable","9":"product_tag-sale","11":"first","12":"instock","13":"sale","14":"taxable","15":"shipping-taxable","16":"purchasable","17":"product-type-simple"},"aioseo_notices":[],"_links":{"self":[{"href":"https:\/\/admeproimport.com\/index.php\/wp-json\/wp\/v2\/product\/694","targetHints":{"allow":["GET"]}}],"collection":[{"href":"https:\/\/admeproimport.com\/index.php\/wp-json\/wp\/v2\/product"}],"about":[{"href":"https:\/\/admeproimport.com\/index.php\/wp-json\/wp\/v2\/types\/product"}],"replies":[{"embeddable":true,"href":"https:\/\/admeproimport.com\/index.php\/wp-json\/wp\/v2\/comments?post=694"}],"wp:featuredmedia":[{"embeddable":true,"href":"https:\/\/admeproimport.com\/index.php\/wp-json\/wp\/v2\/media\/7423"}],"wp:attachment":[{"href":"https:\/\/admeproimport.com\/index.php\/wp-json\/wp\/v2\/media?parent=694"}],"wp:term":[{"taxonomy":"product_brand","embeddable":true,"href":"https:\/\/admeproimport.com\/index.php\/wp-json\/wp\/v2\/product_brand?post=694"},{"taxonomy":"product_cat","embeddable":true,"href":"https:\/\/admeproimport.com\/index.php\/wp-json\/wp\/v2\/product_cat?post=694"},{"taxonomy":"product_tag","embeddable":true,"href":"https:\/\/admeproimport.com\/index.php\/wp-json\/wp\/v2\/product_tag?post=694"}],"curies":[{"name":"wp","href":"https:\/\/api.w.org\/{rel}","templated":true}]}}