{"id":661,"date":"2018-05-16T18:13:50","date_gmt":"2018-05-16T18:13:50","guid":{"rendered":"https:\/\/themedemo.commercegurus.com\/shoptimizer\/?post_type=product&#038;p=661"},"modified":"2026-03-26T16:17:47","modified_gmt":"2026-03-26T16:17:47","slug":"irrigador-bucal","status":"publish","type":"product","link":"https:\/\/admeproimport.com\/index.php\/product\/irrigador-bucal\/","title":{"rendered":"Irrigador bucal  Profesional"},"content":{"rendered":"\n<div class=\"wp-block-columns is-layout-flex wp-container-core-columns-is-layout-28f84493 wp-block-columns-is-layout-flex\">\n<div class=\"wp-block-column is-layout-flow wp-block-column-is-layout-flow\">\n<figure class=\"wp-block-image size-large\"><img fetchpriority=\"high\" decoding=\"async\" width=\"1024\" height=\"1024\" src=\"https:\/\/admeproimport.com\/wp-content\/uploads\/2024\/03\/irrig2-1024x1024.jpg\" alt=\"\" class=\"wp-image-7302\" srcset=\"https:\/\/admeproimport.com\/wp-content\/uploads\/2024\/03\/irrig2-1024x1024.jpg 1024w, https:\/\/admeproimport.com\/wp-content\/uploads\/2024\/03\/irrig2-300x300.jpg 300w, https:\/\/admeproimport.com\/wp-content\/uploads\/2024\/03\/irrig2-150x150.jpg 150w, https:\/\/admeproimport.com\/wp-content\/uploads\/2024\/03\/irrig2-768x768.jpg 768w, https:\/\/admeproimport.com\/wp-content\/uploads\/2024\/03\/irrig2-990x990.jpg 990w, https:\/\/admeproimport.com\/wp-content\/uploads\/2024\/03\/irrig2-441x441.jpg 441w, https:\/\/admeproimport.com\/wp-content\/uploads\/2024\/03\/irrig2-800x800.jpg 800w, https:\/\/admeproimport.com\/wp-content\/uploads\/2024\/03\/irrig2.jpg 1500w\" sizes=\"(max-width: 1024px) 100vw, 1024px\" \/><\/figure>\n<\/div>\n\n\n\n<div class=\"wp-block-column is-vertically-aligned-center is-layout-flow wp-block-column-is-layout-flow\">\n<p>3 modos de limpieza con funci\u00f3n de memoria: el irrigador dental inal\u00e1mbrico tiene modos normal, suave y de pulso para satisfacer diversas necesidades de cuidado bucal, limpia profundamente cada esquina con precisi\u00f3n, elimina los restos de alimentos, evita el mal aliento, c\u00e1lculo dental, placa dental y sangrado gingival. La funci\u00f3n de memoria ayuda a mantener el modo preferible para el pr\u00f3ximo uso.<\/p>\n<\/div>\n<\/div>\n","protected":false},"excerpt":{"rendered":"<p>3 modos de limpieza con funci\u00f3n de memoria: el irrigador dental inal\u00e1mbrico tiene 1 a\u00f1o de garant\u00eda.<\/p>\n","protected":false},"featured_media":7328,"comment_status":"open","ping_status":"closed","template":"","meta":{"om_disable_all_campaigns":false,"_monsterinsights_skip_tracking":false,"_monsterinsights_sitenote_active":false,"_monsterinsights_sitenote_note":"","_monsterinsights_sitenote_category":0,"_joinchat":[]},"product_brand":[],"product_cat":[47,50,62],"product_tag":[41,36],"class_list":{"0":"post-661","1":"product","2":"type-product","3":"status-publish","4":"has-post-thumbnail","6":"product_cat-higiene","7":"product_cat-oferta","8":"product_cat-salud","9":"product_tag-higiene","10":"product_tag-sale","12":"first","13":"instock","14":"sale","15":"taxable","16":"shipping-taxable","17":"purchasable","18":"product-type-simple"},"aioseo_notices":[],"_links":{"self":[{"href":"https:\/\/admeproimport.com\/index.php\/wp-json\/wp\/v2\/product\/661","targetHints":{"allow":["GET"]}}],"collection":[{"href":"https:\/\/admeproimport.com\/index.php\/wp-json\/wp\/v2\/product"}],"about":[{"href":"https:\/\/admeproimport.com\/index.php\/wp-json\/wp\/v2\/types\/product"}],"replies":[{"embeddable":true,"href":"https:\/\/admeproimport.com\/index.php\/wp-json\/wp\/v2\/comments?post=661"}],"wp:featuredmedia":[{"embeddable":true,"href":"https:\/\/admeproimport.com\/index.php\/wp-json\/wp\/v2\/media\/7328"}],"wp:attachment":[{"href":"https:\/\/admeproimport.com\/index.php\/wp-json\/wp\/v2\/media?parent=661"}],"wp:term":[{"taxonomy":"product_brand","embeddable":true,"href":"https:\/\/admeproimport.com\/index.php\/wp-json\/wp\/v2\/product_brand?post=661"},{"taxonomy":"product_cat","embeddable":true,"href":"https:\/\/admeproimport.com\/index.php\/wp-json\/wp\/v2\/product_cat?post=661"},{"taxonomy":"product_tag","embeddable":true,"href":"https:\/\/admeproimport.com\/index.php\/wp-json\/wp\/v2\/product_tag?post=661"}],"curies":[{"name":"wp","href":"https:\/\/api.w.org\/{rel}","templated":true}]}}