{"id":616,"date":"2018-05-16T13:15:23","date_gmt":"2018-05-16T13:15:23","guid":{"rendered":"https:\/\/themedemo.commercegurus.com\/shoptimizer\/?post_type=product&#038;p=616"},"modified":"2025-10-09T14:15:16","modified_gmt":"2025-10-09T14:15:16","slug":"arginina","status":"publish","type":"product","link":"https:\/\/admeproimport.com\/index.php\/product\/arginina\/","title":{"rendered":"Arginina 1000mg Americana 100caps"},"content":{"rendered":"\n<div style=\"height:30px\" aria-hidden=\"true\" class=\"wp-block-spacer\"><\/div>\n\n\n\n<div class=\"wp-block-columns is-layout-flex wp-container-core-columns-is-layout-28f84493 wp-block-columns-is-layout-flex\">\n<div class=\"wp-block-column is-layout-flow wp-block-column-is-layout-flow\">\n<figure class=\"wp-block-gallery has-nested-images columns-default is-cropped wp-block-gallery-1 is-layout-flex wp-block-gallery-is-layout-flex\">\n<figure class=\"wp-block-image size-full\"><img fetchpriority=\"high\" decoding=\"async\" width=\"460\" height=\"879\" data-id=\"7320\" src=\"https:\/\/admeproimport.com\/wp-content\/uploads\/2024\/03\/argi11-1.jpg\" alt=\"\" class=\"wp-image-7320\" srcset=\"https:\/\/admeproimport.com\/wp-content\/uploads\/2024\/03\/argi11-1.jpg 460w, https:\/\/admeproimport.com\/wp-content\/uploads\/2024\/03\/argi11-1-157x300.jpg 157w, https:\/\/admeproimport.com\/wp-content\/uploads\/2024\/03\/argi11-1-441x843.jpg 441w, https:\/\/admeproimport.com\/wp-content\/uploads\/2024\/03\/argi11-1-300x573.jpg 300w, https:\/\/admeproimport.com\/wp-content\/uploads\/2024\/03\/argi11-1-150x287.jpg 150w\" sizes=\"(max-width: 460px) 100vw, 460px\" \/><\/figure>\n<\/figure>\n<\/div>\n\n\n\n<div class=\"wp-block-column is-vertically-aligned-center is-layout-flow wp-block-column-is-layout-flow\">\n<ul class=\"wp-block-list\">\n<li>Sobre este art\u00edculo<\/li>\n\n\n\n<li>La arginina es uno de los 20 amino\u00e1cidos, los componentes b\u00e1sicos de la prote\u00edna<\/li>\n\n\n\n<li>La arginina puede servir como fuente de energ\u00eda y est\u00e1 involucrada en varias v\u00edas en todo el cuerpo<\/li>\n\n\n\n<li>La arginina apoya el efecto del ejercicio y es uno de los amino\u00e1cidos m\u00e1s importantes involucrados en la funci\u00f3n inmunol\u00f3gica<\/li>\n\n\n\n<li>N\u00famero de unidades: 200.0<\/li>\n\n\n\n<li>.<\/li>\n<\/ul>\n<\/div>\n<\/div>\n\n\n\n<div class=\"wp-block-columns is-layout-flex wp-container-core-columns-is-layout-28f84493 wp-block-columns-is-layout-flex\">\n<div class=\"wp-block-column is-layout-flow wp-block-column-is-layout-flow\"><\/div>\n\n\n\n<div class=\"wp-block-column is-vertically-aligned-center is-layout-flow wp-block-column-is-layout-flow\"><\/div>\n<\/div>\n\n\n\n<div style=\"height:31px\" aria-hidden=\"true\" class=\"wp-block-spacer\"><\/div>\n\n\n\n<div class=\"wp-block-columns are-vertically-aligned-center is-layout-flex wp-container-core-columns-is-layout-28f84493 wp-block-columns-is-layout-flex\">\n<div class=\"wp-block-column is-vertically-aligned-center is-layout-flow wp-block-column-is-layout-flow\" style=\"flex-basis:60%\"><\/div>\n<\/div>\n\n\n\n<div style=\"height:30px\" aria-hidden=\"true\" class=\"wp-block-spacer\"><\/div>\n\n\n\n<div class=\"wp-block-columns are-vertically-aligned-center is-layout-flex wp-container-core-columns-is-layout-28f84493 wp-block-columns-is-layout-flex\">\n<div class=\"wp-block-column is-vertically-aligned-center is-layout-flow wp-block-column-is-layout-flow\"><\/div>\n<\/div>\n\n\n\n<div style=\"height:30px\" aria-hidden=\"true\" class=\"wp-block-spacer\"><\/div>\n","protected":false},"excerpt":{"rendered":"<ul>\n<li>Sobre este art\u00edculo<\/li>\n<li>La arginina es uno de los 20 amino\u00e1cidos, los componentes b\u00e1sicos de la prote\u00edna<\/li>\n<li>La arginina puede servir como fuente de energ\u00eda y est\u00e1 involucrada en varias v\u00edas en todo el cuerpo<\/li>\n<li>La arginina apoya el efecto del ejercicio y es uno de los amino\u00e1cidos m\u00e1s importantes involucrados en la funci\u00f3n inmunol\u00f3gica<\/li>\n<li>N\u00famero de unidades: 200.0<\/li>\n<\/ul>\n","protected":false},"featured_media":7203,"comment_status":"open","ping_status":"closed","template":"","meta":{"om_disable_all_campaigns":false,"_monsterinsights_skip_tracking":false,"_monsterinsights_sitenote_active":false,"_monsterinsights_sitenote_note":"","_monsterinsights_sitenote_category":0,"_joinchat":[]},"product_brand":[],"product_cat":[31,50,45],"product_tag":[42],"class_list":{"0":"post-616","1":"product","2":"type-product","3":"status-publish","4":"has-post-thumbnail","6":"product_cat-electronica","7":"product_cat-oferta","8":"product_cat-vitaminas-suplementos","9":"product_tag-oferta","11":"first","12":"instock","13":"sale","14":"taxable","15":"shipping-taxable","16":"purchasable","17":"product-type-simple"},"aioseo_notices":[],"_links":{"self":[{"href":"https:\/\/admeproimport.com\/index.php\/wp-json\/wp\/v2\/product\/616","targetHints":{"allow":["GET"]}}],"collection":[{"href":"https:\/\/admeproimport.com\/index.php\/wp-json\/wp\/v2\/product"}],"about":[{"href":"https:\/\/admeproimport.com\/index.php\/wp-json\/wp\/v2\/types\/product"}],"replies":[{"embeddable":true,"href":"https:\/\/admeproimport.com\/index.php\/wp-json\/wp\/v2\/comments?post=616"}],"wp:featuredmedia":[{"embeddable":true,"href":"https:\/\/admeproimport.com\/index.php\/wp-json\/wp\/v2\/media\/7203"}],"wp:attachment":[{"href":"https:\/\/admeproimport.com\/index.php\/wp-json\/wp\/v2\/media?parent=616"}],"wp:term":[{"taxonomy":"product_brand","embeddable":true,"href":"https:\/\/admeproimport.com\/index.php\/wp-json\/wp\/v2\/product_brand?post=616"},{"taxonomy":"product_cat","embeddable":true,"href":"https:\/\/admeproimport.com\/index.php\/wp-json\/wp\/v2\/product_cat?post=616"},{"taxonomy":"product_tag","embeddable":true,"href":"https:\/\/admeproimport.com\/index.php\/wp-json\/wp\/v2\/product_tag?post=616"}],"curies":[{"name":"wp","href":"https:\/\/api.w.org\/{rel}","templated":true}]}}