{"id":603,"date":"2018-05-16T11:19:18","date_gmt":"2018-05-16T11:19:18","guid":{"rendered":"https:\/\/themedemo.commercegurus.com\/shoptimizer\/?post_type=product&#038;p=603"},"modified":"2025-09-26T01:05:16","modified_gmt":"2025-09-26T01:05:16","slug":"hopvision","status":"publish","type":"product","link":"https:\/\/admeproimport.com\/index.php\/product\/hopvision\/","title":{"rendered":"HOPVISION. El mejor proyector en tecnolog\u00eda LED"},"content":{"rendered":"\n<div class=\"wp-block-group has-global-padding is-layout-constrained wp-block-group-is-layout-constrained\">\n<div style=\"height:30px\" aria-hidden=\"true\" class=\"wp-block-spacer\"><\/div>\n\n\n\n<div class=\"wp-block-columns is-layout-flex wp-container-core-columns-is-layout-28f84493 wp-block-columns-is-layout-flex\">\n<div class=\"wp-block-column is-layout-flow wp-block-column-is-layout-flow\">\n<figure class=\"wp-block-gallery has-nested-images columns-default is-cropped wp-block-gallery-1 is-layout-flex wp-block-gallery-is-layout-flex\">\n<figure class=\"wp-block-image size-large\"><img fetchpriority=\"high\" decoding=\"async\" width=\"1024\" height=\"1024\" data-id=\"7316\" src=\"https:\/\/admeproimport.com\/wp-content\/uploads\/2024\/03\/hopv22-1024x1024.jpg\" alt=\"\" class=\"wp-image-7316\" srcset=\"https:\/\/admeproimport.com\/wp-content\/uploads\/2024\/03\/hopv22-1024x1024.jpg 1024w, https:\/\/admeproimport.com\/wp-content\/uploads\/2024\/03\/hopv22-300x300.jpg 300w, https:\/\/admeproimport.com\/wp-content\/uploads\/2024\/03\/hopv22-150x150.jpg 150w, https:\/\/admeproimport.com\/wp-content\/uploads\/2024\/03\/hopv22-768x768.jpg 768w, https:\/\/admeproimport.com\/wp-content\/uploads\/2024\/03\/hopv22-990x990.jpg 990w, https:\/\/admeproimport.com\/wp-content\/uploads\/2024\/03\/hopv22-441x441.jpg 441w, https:\/\/admeproimport.com\/wp-content\/uploads\/2024\/03\/hopv22-800x800.jpg 800w, https:\/\/admeproimport.com\/wp-content\/uploads\/2024\/03\/hopv22.jpg 1500w\" sizes=\"(max-width: 1024px) 100vw, 1024px\" \/><\/figure>\n<\/figure>\n<\/div>\n\n\n\n<div class=\"wp-block-column is-vertically-aligned-center is-layout-flow wp-block-column-is-layout-flow\">\n<ul class=\"wp-block-list\">\n<li>Experiencia de pantalla gigante de 350 pulgadas y sonido est\u00e9reo de alta fidelidad. Proyector gigante de 1080P Full HD que proyecta im\u00e1genes de hasta 350 pulgadas, disfruta de una experiencia de ver pel\u00edculas en pantalla grande. Altavoces est\u00e9reo duales integrados con sonido SRS, que te proporcionar\u00e1 agudos m\u00e1s altos, un alto preciso y graves potentes. Los potentes altavoces te ofrecen una experiencia diferente y sorprendente. Es como tener un cine en casa.<\/li>\n<\/ul>\n<\/div>\n<\/div>\n\n\n\n<div class=\"wp-block-columns is-layout-flex wp-container-core-columns-is-layout-28f84493 wp-block-columns-is-layout-flex\">\n<div class=\"wp-block-column is-vertically-aligned-center is-layout-flow wp-block-column-is-layout-flow\">\n<ul class=\"wp-block-list\">\n<li>Conexi\u00f3n multimedia y lo \u00faltimo en control mediante pantalla t\u00e1ctil: la interfaz incluye salidas HDMI, USB o AV y salida de audio de 3.5 mm. Compatible con celulares, tabletas, computadoras, TV, port\u00e1til, memorias USB, PS4, reproductores de DVD, decodificadores de TV, etc. (Debido al copyright de la aplicaci\u00f3n, podr\u00e1s ver pel\u00edculas en Netflix, Prime Video o Hulu, con solo conectar un port\u00e1til o utilizando Chromecast, un dispositivo inal\u00e1mbrico USB, un dispositivo para TV o Roku.)<\/li>\n<\/ul>\n<\/div>\n\n\n\n<div class=\"wp-block-column is-layout-flow wp-block-column-is-layout-flow\">\n<figure class=\"wp-block-image size-large\"><img decoding=\"async\" width=\"1024\" height=\"1024\" src=\"https:\/\/admeproimport.com\/wp-content\/uploads\/2024\/03\/hopv111-1024x1024.jpg\" alt=\"\" class=\"wp-image-7317\" srcset=\"https:\/\/admeproimport.com\/wp-content\/uploads\/2024\/03\/hopv111-1024x1024.jpg 1024w, https:\/\/admeproimport.com\/wp-content\/uploads\/2024\/03\/hopv111-300x300.jpg 300w, https:\/\/admeproimport.com\/wp-content\/uploads\/2024\/03\/hopv111-150x150.jpg 150w, https:\/\/admeproimport.com\/wp-content\/uploads\/2024\/03\/hopv111-768x768.jpg 768w, https:\/\/admeproimport.com\/wp-content\/uploads\/2024\/03\/hopv111-990x990.jpg 990w, https:\/\/admeproimport.com\/wp-content\/uploads\/2024\/03\/hopv111-441x441.jpg 441w, https:\/\/admeproimport.com\/wp-content\/uploads\/2024\/03\/hopv111-800x800.jpg 800w, https:\/\/admeproimport.com\/wp-content\/uploads\/2024\/03\/hopv111.jpg 1500w\" sizes=\"(max-width: 1024px) 100vw, 1024px\" \/><\/figure>\n<\/div>\n<\/div>\n\n\n\n<div class=\"wp-block-columns is-layout-flex wp-container-core-columns-is-layout-28f84493 wp-block-columns-is-layout-flex\">\n<div class=\"wp-block-column is-layout-flow wp-block-column-is-layout-flow\">\n<figure class=\"wp-block-image size-full\"><img decoding=\"async\" width=\"970\" height=\"600\" src=\"https:\/\/admeproimport.com\/wp-content\/uploads\/2024\/03\/hopv6.jpg\" alt=\"\" class=\"wp-image-7318\" srcset=\"https:\/\/admeproimport.com\/wp-content\/uploads\/2024\/03\/hopv6.jpg 970w, https:\/\/admeproimport.com\/wp-content\/uploads\/2024\/03\/hopv6-300x186.jpg 300w, https:\/\/admeproimport.com\/wp-content\/uploads\/2024\/03\/hopv6-768x475.jpg 768w, https:\/\/admeproimport.com\/wp-content\/uploads\/2024\/03\/hopv6-441x273.jpg 441w, https:\/\/admeproimport.com\/wp-content\/uploads\/2024\/03\/hopv6-800x495.jpg 800w, https:\/\/admeproimport.com\/wp-content\/uploads\/2024\/03\/hopv6-150x93.jpg 150w\" sizes=\"(max-width: 970px) 100vw, 970px\" \/><\/figure>\n<\/div>\n\n\n\n<div class=\"wp-block-column is-vertically-aligned-center is-layout-flow wp-block-column-is-layout-flow\">\n<ul class=\"wp-block-list\">\n<li>Perfecto para cine en casa: el proyector de pel\u00edculas HOPVISON es adecuado para todo tipo de aplicaciones; no solo se puede utilizar como un cine en casa, sino tambi\u00e9n para videojuegos, videos, series de TV, fotos, deportes, ver f\u00fatbol o para uso profesional en tu trabajo con powerpoint, excel o Word. <\/li>\n<\/ul>\n<\/div>\n<\/div>\n\n\n\n<div style=\"height:31px\" aria-hidden=\"true\" class=\"wp-block-spacer\"><\/div>\n\n\n\n<div class=\"wp-block-columns are-vertically-aligned-center is-layout-flex wp-container-core-columns-is-layout-28f84493 wp-block-columns-is-layout-flex\">\n<div class=\"wp-block-column is-vertically-aligned-center is-layout-flow wp-block-column-is-layout-flow\" style=\"flex-basis:60%\"><\/div>\n<\/div>\n\n\n\n<div style=\"height:30px\" aria-hidden=\"true\" class=\"wp-block-spacer\"><\/div>\n\n\n\n<div class=\"wp-block-columns are-vertically-aligned-center is-layout-flex wp-container-core-columns-is-layout-28f84493 wp-block-columns-is-layout-flex\">\n<div class=\"wp-block-column is-vertically-aligned-center is-layout-flow wp-block-column-is-layout-flow\"><\/div>\n<\/div>\n\n\n\n<div style=\"height:30px\" aria-hidden=\"true\" class=\"wp-block-spacer\"><\/div>\n<\/div>\n","protected":false},"excerpt":{"rendered":"<p>Por su calidad y potencia \u00e9ste es el proyector que necesitas para tu aula, oficina o iglesia. .<\/p>\n","protected":false},"featured_media":7156,"comment_status":"open","ping_status":"closed","template":"","meta":{"om_disable_all_campaigns":false,"_monsterinsights_skip_tracking":false,"_monsterinsights_sitenote_active":false,"_monsterinsights_sitenote_note":"","_monsterinsights_sitenote_category":0,"_joinchat":[]},"product_brand":[],"product_cat":[50,49],"product_tag":[55,56,54],"class_list":{"0":"post-603","1":"product","2":"type-product","3":"status-publish","4":"has-post-thumbnail","6":"product_cat-oferta","7":"product_cat-proyectores","8":"product_tag-hogar","9":"product_tag-oficina","10":"product_tag-proyector","12":"first","13":"instock","14":"sale","15":"taxable","16":"shipping-taxable","17":"purchasable","18":"product-type-simple"},"aioseo_notices":[],"_links":{"self":[{"href":"https:\/\/admeproimport.com\/index.php\/wp-json\/wp\/v2\/product\/603","targetHints":{"allow":["GET"]}}],"collection":[{"href":"https:\/\/admeproimport.com\/index.php\/wp-json\/wp\/v2\/product"}],"about":[{"href":"https:\/\/admeproimport.com\/index.php\/wp-json\/wp\/v2\/types\/product"}],"replies":[{"embeddable":true,"href":"https:\/\/admeproimport.com\/index.php\/wp-json\/wp\/v2\/comments?post=603"}],"wp:featuredmedia":[{"embeddable":true,"href":"https:\/\/admeproimport.com\/index.php\/wp-json\/wp\/v2\/media\/7156"}],"wp:attachment":[{"href":"https:\/\/admeproimport.com\/index.php\/wp-json\/wp\/v2\/media?parent=603"}],"wp:term":[{"taxonomy":"product_brand","embeddable":true,"href":"https:\/\/admeproimport.com\/index.php\/wp-json\/wp\/v2\/product_brand?post=603"},{"taxonomy":"product_cat","embeddable":true,"href":"https:\/\/admeproimport.com\/index.php\/wp-json\/wp\/v2\/product_cat?post=603"},{"taxonomy":"product_tag","embeddable":true,"href":"https:\/\/admeproimport.com\/index.php\/wp-json\/wp\/v2\/product_tag?post=603"}],"curies":[{"name":"wp","href":"https:\/\/api.w.org\/{rel}","templated":true}]}}