{"id":3,"date":"2022-08-04T01:33:25","date_gmt":"2022-08-04T01:33:25","guid":{"rendered":"http:\/\/admeproimport.com\/?page_id=3"},"modified":"2025-01-17T01:22:48","modified_gmt":"2025-01-17T01:22:48","slug":"privacy-policy","status":"publish","type":"page","link":"https:\/\/admeproimport.com\/index.php\/privacy-policy\/","title":{"rendered":"Privacy Policy"},"content":{"rendered":"\n<h2 class=\"wp-block-heading\">POL\u00cdTICA DE PRIVACIDAD DE ADMEPRO<\/h2>\n\n\n\n<p><strong>1. Identidad y datos de contacto del responsable<\/strong><\/p>\n\n\n\n<p>La empresa Admepro import a quien llamaremos ADMEPRO, somos una tienda fisica y en linea , constituida en la ciudad de Quito Ecuador.<\/p>\n\n\n\n<p>Esta Pol\u00edtica de Protecci\u00f3n y Tratamiento de Datos Personales establecen los lineamientos y pr\u00e1cticas de protecci\u00f3n de datos personales e incluye el tratamiento a trav\u00e9s del uso de cookies del sitio web de admeproimport generalmente indicadas por la URL &#8220;www.admeproimport.com&#8221; y sus dominios de nivel inferior (el &#8220;sitio web&#8221; o la \u201cp\u00e1gina web\u201d).<\/p>\n\n\n\n<p>Lea atentamente esta Pol\u00edtica de Privacidad ya que le ayudar\u00e1 a tomar decisiones informadas sobre c\u00f3mo compartir sus datos personales con nosotros. Asimismo, se informa que esta Pol\u00edtica de Privacidad es coherente con nuestras pol\u00edticas y pr\u00e1cticas con respecto a los datos personales que gestionamos.<\/p>\n\n\n\n<p><strong>2. Datos de contacto del Delegado de Protecci\u00f3n de los Datos Personales (DPO)<\/strong><\/p>\n\n\n\n<p>El Delegado de Protecci\u00f3n de los Datos Personales (\u201cDPO\u201d) de ADMEPRO puede ser contactado a trav\u00e9s del correo electr\u00f3nico: admepro777@gmail.com<\/p>\n\n\n\n<p><strong>3. \u00bfCu\u00e1l es la informaci\u00f3n que recopilamos?<\/strong><\/p>\n\n\n\n<p>Los sujetos del tratamiento a quienes se dirige esta Pol\u00edtica de Privacidad son: (a) Usuarios de la p\u00e1gina web, (b) Candidatos a empleo y empleados, y (c) Proveedores, Clientes o Aliados.<\/p>\n\n\n\n<ul class=\"wp-block-list\">\n<li>Usuarios de la P\u00e1gina Web:\n<ul class=\"wp-block-list\">\n<li>Informaci\u00f3n recibida mediante formularios, suscripci\u00f3n, registro, tales como:\n<ul class=\"wp-block-list\">\n<li>Nombres y apellidos\u202f<\/li>\n\n\n\n<li>Correo electr\u00f3nico\u202f<\/li>\n\n\n\n<li>Cuenta de redes sociales\u202f<\/li>\n\n\n\n<li>N\u00fameros de tel\u00e9fono\u202f<\/li>\n\n\n\n<li>Documento de identidad<\/li>\n\n\n\n<li>Ciudad y pa\u00eds de residencia<\/li>\n\n\n\n<li><\/li>\n<\/ul>\n<\/li>\n\n\n\n<li>Datos an\u00f3nimos relacionados con el comportamiento del usuario durante la visita a la p\u00e1gina web, sea a trav\u00e9s de cookies, p\u00edxeles o tecnolog\u00edas similares. Entre otros, podr\u00edamos recompilar el tiempo de la visita y los contenidos visitados.<\/li>\n\n\n\n<li>Datos an\u00f3nimos relacionados con las herramientas de acceso y su interacci\u00f3n con la p\u00e1gina web, tales como direcci\u00f3n IP, caracter\u00edsticas del navegador y dispositivo, preferencias de idioma o URL de referencia y otra informaci\u00f3n t\u00e9cnica.<\/li>\n<\/ul>\n<\/li>\n<\/ul>\n\n\n\n<ul class=\"wp-block-list\">\n<li>Candidatos a empleo o Empleados:<\/li>\n\n\n\n<li>Datos acad\u00e9micos y profesionales, tales como Curr\u00edculum, T\u00edtulo profesional y N\u00famero de c\u00e9dula profesional.<\/li>\n\n\n\n<li>Familiares y personas de referencia en caso de que usted sea un empleado de ADMEPRO. En tales casos, de acuerdo con los formularios correspondientes, declarar\u00e1 que cuenta con el consentimiento de sus familiares y personas de referencia, para compartir sus datos personales.<\/li>\n\n\n\n<li>Datos de salud, considerados como datos personales sensibles, cuando se requiera dicha informaci\u00f3n para el cumplimiento de las obligaciones de ADMEPRO respecto a sus empleados y, de ser requerido, a los candidatos a empleo.<\/li>\n\n\n\n<li>Financieros o patrimoniales, cuando se requieran para el seguimiento de una prestaci\u00f3n laboral o el cumplimiento de un contrato.<\/li>\n<\/ul>\n\n\n\n<ul class=\"wp-block-list\">\n<li>Proveedores, Clientes o Aliados:<\/li>\n\n\n\n<li>Datos personales correspondientes a la persona natural, de ser el caso, como el representante legal, tales como nombres y apellidos, correo electr\u00f3nico.<\/li>\n\n\n\n<li>Datos Financieros o patrimoniales, cuando se requieran para el seguimiento del cumplimiento de un contrato.<\/li>\n<\/ul>\n\n\n\n<p><strong>4. \u00bfC\u00f3mo usamos esta informaci\u00f3n?<\/strong><\/p>\n\n\n\n<p>Los datos personales descritos en el punto anterior se utilizan para las siguientes finalidades:&nbsp;<\/p>\n\n\n\n<ul class=\"wp-block-list\">\n<li>Usuarios de la P\u00e1gina Web\n<ul class=\"wp-block-list\">\n<li>Para la gesti\u00f3n de formularios, suscripci\u00f3n y\/o registros.<\/li>\n\n\n\n<li>Para optimizar la pertinencia de los contenidos.<\/li>\n\n\n\n<li>Para contactar a los usuarios o titulares de datos, en respuesta a las solicitudes que hayan realizado a ADMEPRO<\/li>\n\n\n\n<li>Para difundir las actividades de ADMEPRO, sus proyectos y convocatorias.<\/li>\n\n\n\n<li>Para identificar si los contenidos son pertinentes y relevantes de acuerdo con sus intereses, as\u00ed como para identificar mejoras en nuestros canales de comunicaci\u00f3n en t\u00e9rminos de experiencia del usuario y dise\u00f1o.<\/li>\n\n\n\n<li>Los datos relacionados con las herramientas de acceso se emplean tanto para identificar mejoras en el desempe\u00f1o de nuestra web, como para garantizar el funcionamiento de nuestro sitio, su seguridad y la de su informaci\u00f3n.\u202f<\/li>\n<\/ul>\n<\/li>\n<\/ul>\n\n\n\n<p><strong>5. Base legal e inter\u00e9s leg\u00edtimo<\/strong><\/p>\n\n\n\n<p>La base legal de nuestro tratamiento reposa en una relaci\u00f3n contractual con los titulares de datos personales, por ejemplo, con nuestros empleados, clientes, proveedores o aliados.&nbsp;<\/p>\n\n\n\n<p>Por otro lado, consideramos que el tratamiento de datos personales tambi\u00e9n est\u00e1 basado en el inter\u00e9s leg\u00edtimo ya que, por ejemplo, los usuarios de nuestra p\u00e1gina web, demuestran su voluntad en obtener nuestros servicios al navegar en nuestro sitio o al llenar los formularios de registro o de contacto, en aras de que ocurra una prestaci\u00f3n de nuestros servicios en favor de los interesados.&nbsp;&nbsp;<\/p>\n\n\n\n<p><strong>6. \u00bfSu informaci\u00f3n ser\u00e1 compartida con alguien?<\/strong><\/p>\n\n\n\n<p>ADMEPRO no vender\u00e1, distribuir\u00e1 ni arrendar\u00e1 esta informaci\u00f3n a terceros,. Asimismo, se informa que no se realizar\u00e1n transferencias, de datos personales, salvo aquellos casos en que sean estrictamente necesarios para la realizaci\u00f3n de las actividades y funciones de ADMEPRO, de acuerdo con los siguientes supuestos.<\/p>\n\n\n\n<ul class=\"wp-block-list\">\n<li>Cuando lo requieran autoridades en virtud de una ley, con la finalidad de cumplir con la normatividad correspondiente. Por ejemplo, en respuesta a una orden judicial, citaci\u00f3n o solicitud de una agencia de aplicaci\u00f3n de una norma aplicable.<\/li>\n\n\n\n<li>Cuando se requiera la transferencia a empresas o instituciones con las que se celebre un contrato.<\/li>\n\n\n\n<li>Cuando se presente la relaci\u00f3n con clientes, con la finalidad de prestarles servicios de acuerdo con los objetivos de ADMEPRO.<\/li>\n<\/ul>\n\n\n\n<p>Previo a realizar la transferencia de datos, ADMEPRO realizar\u00e1 las gestiones necesarias para la firma del respectivo Acuerdo de Transferencia, mediante el cual se establecen criterios espec\u00edficos para el tratamiento de datos personales.&nbsp;<\/p>\n\n\n\n<p>Implementaremos las medidas adecuadas para garantizar que sus datos personales permanezcan protegidos y seguros de acuerdo con las leyes aplicables de protecci\u00f3n de datos.<\/p>\n\n\n\n<p>Asimismo, se podr\u00e1n generar y compartir reportes o res\u00famenes a partir de los datos recopilados, entre otros, las p\u00e1ginas m\u00e1s visitadas o el n\u00famero de registrados a un evento. Al ser res\u00famenes, estos reportes no pueden utilizarse para rastrear a una persona en particular.<\/p>\n\n\n\n<p>Tambi\u00e9n podemos divulgar la informaci\u00f3n para proteger la seguridad y el funcionamiento de ADMEPRO y su sitio web o los derechos de otros usuarios del sitio web, y para protegernos y proteger a nuestros miembros, afiliados, consultores, y proveedores, si tenemos motivos para creer que alguien est\u00e1 causando o amenazando causar da\u00f1o o interferencia con los derechos o la propiedad de ADMEPRO, as\u00ed como tambi\u00e9n para proteger contra el fraude.<\/p>\n\n\n\n<p>ADMEPRO podr\u00e1 compartir los datos personales de un usuario con un tercero, si ese usuario lo solicita expresamente.&nbsp;<\/p>\n\n\n\n<p><strong>7. Informaci\u00f3n sobre cookies y otras tecnolog\u00edas de seguimiento<\/strong><\/p>\n\n\n\n<p>Las cookies son peque\u00f1os archivos de datos que se env\u00edan a su navegador o software relacionado desde un servidor web y se almacenan en su computadora o dispositivo. Las cookies a menudo incluyen un identificador \u00fanico an\u00f3nimo y rastrean y almacenan sus preferencias de usuarios mientras usan el sitio web, as\u00ed como informaci\u00f3n t\u00e9cnica sobre su uso del sitio web.<\/p>\n\n\n\n<p>Como se mencion\u00f3 previamente, el sitio web y sus subsitios recopilan registros an\u00f3nimos durante las visitas de los usuarios. Esto se puede hacer a trav\u00e9s de cookies o tecnolog\u00edas similares para retener informaci\u00f3n sobre usted y su uso del sitio web.&nbsp;<\/p>\n\n\n\n<p>Otra tecnolog\u00eda que utilizamos son los pixeles, que son fragmentos de c\u00f3digo en nuestros canales y nos permiten recopilar informaci\u00f3n an\u00f3nima sobre el desempe\u00f1o de anuncios en l\u00ednea y del correo masivo, as\u00ed como para encauzar mensajes de difusi\u00f3n en otras plataformas como las redes sociales o los buscadores.<\/p>\n\n\n\n<p><strong>8. Conservaci\u00f3n de sus datos personales<\/strong><\/p>\n\n\n\n<p>Retenemos sus datos personales e informaci\u00f3n an\u00f3nima recopilada a trav\u00e9s de los formularios, contratos y del sitio web, para fines operativos, de registro y legales.<\/p>\n\n\n\n<p>Retendremos sus datos personales sobre usted durante el per\u00edodo necesario para cumplir con los fines descritos en esta Pol\u00edtica de Privacidad o nuestras pol\u00edticas de conservaci\u00f3n de datos, a menos que una norma aplicable exija un per\u00edodo de retenci\u00f3n m\u00e1s largo.<\/p>\n\n\n\n<p><strong>9. \u00bfC\u00f3mo mantenemos su informaci\u00f3n segura?<\/strong><\/p>\n\n\n\n<p>Protegemos la seguridad y la integridad de los datos personales que recopilamos mediante la implementaci\u00f3n de procedimientos f\u00edsicos, electr\u00f3nicos y administrativos para salvaguardar y proteger la informaci\u00f3n contra p\u00e9rdida, uso indebido, acceso no autorizado o divulgaci\u00f3n, alteraci\u00f3n o destrucci\u00f3n. Sin embargo, debido a la naturaleza inherente del internet como un veh\u00edculo de comunicaci\u00f3n global abierto, no podemos garantizar que cualquier informaci\u00f3n, ya sea durante la transmisi\u00f3n a trav\u00e9s de Internet, mientras est\u00e9 almacenada en nuestros sistemas de datos o mantenida por nosotros, est\u00e9 absolutamente a salvo de la intrusi\u00f3n de otros, incluyendo de los piratas inform\u00e1ticos; sin embargo, en caso de violaciones a la seguridad notificaremos en el menor tiempo posible la existencia de un riesgo a sus derechos.&nbsp;<\/p>\n\n\n\n<p><strong>10. \u00bfQu\u00e9 pasa si no quiero compartir mi informaci\u00f3n?<\/strong><\/p>\n\n\n\n<p>El llenado de registros y formularios en nuestra p\u00e1gina es voluntario, y sin hacerlo, los usuarios pueden navegar en www.admeproimport.com. Llenar los formularios es necesario para recibir boletines electr\u00f3nicos, y ciertas comunicaciones de ADMEPRO relacionadas con eventos, convocatorias y otras actividades.\u202f<\/p>\n\n\n\n<p>Al navegar en la p\u00e1gina de ADMEPRO, se recopilar\u00e1 la informaci\u00f3n an\u00f3nima antes descrita que, al ser an\u00f3nima, no permite identificar usuarios espec\u00edficos.<\/p>\n\n\n\n<p>Si el usuario est\u00e1 registrado para una actividad o suscrito a un bolet\u00edn, podremos enviarle correos electr\u00f3nicos en relaci\u00f3n con sus preferencias de registro o suscripci\u00f3n. En cualquiera de esos mensajes, el usuario podr\u00e1 optar por retirarse de la lista y con ello se cancela su suscripci\u00f3n y la recopilaci\u00f3n de datos derivada de ella. Tambi\u00e9n puede enviarnos una solicitud de &#8220;exclusi\u00f3n voluntaria&#8221; al correo admepro777@gmail.com.<\/p>\n\n\n\n<p><strong>11. \u00bfRecolectamos informaci\u00f3n de menores de edad?<\/strong><\/p>\n\n\n\n<p>El sitio web no est\u00e1 dirigido a menores de edad y no recopilamos ni conservamos datos personales a sabiendas sobre personas menores de 16 a\u00f1os.<\/p>\n\n\n\n<p><strong>12. Reclamaciones ante la Autoridad de Control<\/strong><\/p>\n\n\n\n<p>Si tiene alguna pregunta o duda en relaci\u00f3n con el tratamiento que hacemos de sus datos personales, p\u00f3ngase en contacto con nosotros en admepro777@gmail.com y le responderemos.<\/p>\n\n\n\n<p>Si sigue insatisfecho, puede presentar una reclamaci\u00f3n sobre la forma en que tratamos sus datos personales ante la autoridad de protecci\u00f3n de datos personales competente.\u202f<\/p>\n\n\n\n<p><strong>13. \u00bfHacemos actualizaciones de esta Pol\u00edtica de Privacidad?<\/strong><\/p>\n\n\n\n<p>Cualquier actualizaci\u00f3n a esta Pol\u00edtica se publicar\u00e1 en esta p\u00e1gina. Si los cambios son significativos, tambi\u00e9n podemos optar por enviar un correo electr\u00f3nico a todos nuestros usuarios registrados con los nuevos detalles.&nbsp;<\/p>\n\n\n\n<p>Si as\u00ed lo exige la ley, obtendremos su consentimiento o le daremos la oportunidad de rechazar cualquier nuevo uso de sus datos personales.<\/p>\n\n\n\n<p><strong>14. \u00bfC\u00f3mo puede comunicarse con nosotros sobre esta Pol\u00edtica de Privacidad?<\/strong><\/p>\n\n\n\n<p>Si tiene preguntas o comentarios sobre esta Pol\u00edtica de Privacidad, puede contactarnos a\u202fadmepro777@gmail.com, que estaremos felices de responderle.&nbsp;<\/p>\n\n\n\n<p><em>\u00daltima actualizaci\u00f3n: 15 de Enero de 2025<\/em><\/p>\n\n\n\n<p><\/p>\n","protected":false},"excerpt":{"rendered":"<p>POL\u00cdTICA DE PRIVACIDAD DE ADMEPRO 1. Identidad y datos de contacto del responsable La empresa Admepro import a quien llamaremos ADMEPRO, somos una tienda fisica y en linea , constituida en la ciudad de Quito Ecuador. Esta Pol\u00edtica de Protecci\u00f3n y Tratamiento de Datos Personales establecen los lineamientos y pr\u00e1cticas de protecci\u00f3n de datos personales [&hellip;]<\/p>\n","protected":false},"author":1,"featured_media":0,"parent":0,"menu_order":0,"comment_status":"closed","ping_status":"open","template":"","meta":{"om_disable_all_campaigns":false,"_monsterinsights_skip_tracking":false,"_monsterinsights_sitenote_active":false,"_monsterinsights_sitenote_note":"","_monsterinsights_sitenote_category":0,"_joinchat":[],"footnotes":""},"class_list":["post-3","page","type-page","status-publish","hentry"],"aioseo_notices":[],"_links":{"self":[{"href":"https:\/\/admeproimport.com\/index.php\/wp-json\/wp\/v2\/pages\/3","targetHints":{"allow":["GET"]}}],"collection":[{"href":"https:\/\/admeproimport.com\/index.php\/wp-json\/wp\/v2\/pages"}],"about":[{"href":"https:\/\/admeproimport.com\/index.php\/wp-json\/wp\/v2\/types\/page"}],"author":[{"embeddable":true,"href":"https:\/\/admeproimport.com\/index.php\/wp-json\/wp\/v2\/users\/1"}],"replies":[{"embeddable":true,"href":"https:\/\/admeproimport.com\/index.php\/wp-json\/wp\/v2\/comments?post=3"}],"version-history":[{"count":1,"href":"https:\/\/admeproimport.com\/index.php\/wp-json\/wp\/v2\/pages\/3\/revisions"}],"predecessor-version":[{"id":7408,"href":"https:\/\/admeproimport.com\/index.php\/wp-json\/wp\/v2\/pages\/3\/revisions\/7408"}],"wp:attachment":[{"href":"https:\/\/admeproimport.com\/index.php\/wp-json\/wp\/v2\/media?parent=3"}],"curies":[{"name":"wp","href":"https:\/\/api.w.org\/{rel}","templated":true}]}}